{"id":219,"date":"2012-01-05T17:33:32","date_gmt":"2012-01-05T15:33:32","guid":{"rendered":"http:\/\/localhost\/modernize\/?page_id=219"},"modified":"2021-03-07T21:13:56","modified_gmt":"2021-03-07T18:13:56","slug":"kalite-politikamiz","status":"publish","type":"page","link":"https:\/\/www.sayginlarmakina.com.tr\/en\/kalite-politikamiz\/","title":{"rendered":"Quality Policy"},"content":{"rendered":"<figure id=\"attachment_3065\" aria-describedby=\"caption-attachment-3065\" style=\"width: 212px\" class=\"wp-caption aligncenter\"><a href=\"http:\/\/www.sayginlarmakina.com.tr\/wp-content\/uploads\/2014\/11\/saymak_iso_m-e1416054672690.jpg\" data-rel=\"fancybox\"><img loading=\"lazy\" decoding=\"async\" class=\"size-medium wp-image-3065\" src=\"http:\/\/www.sayginlarmakina.com.tr\/wp-content\/uploads\/2014\/11\/saymak_iso_m-212x300.jpg\" alt=\"Sayg\u0131nlar Makina ISO 9001:2008 Sertifikas\u0131\" width=\"212\" height=\"300\" \/><\/a><figcaption id=\"caption-attachment-3065\" class=\"wp-caption-text\">Sayg\u0131nlar Makina ISO 9001:2008 Certificate<\/figcaption><\/figure>\n<p>&nbsp;<\/p>\n<p class=\" translation-block\">In line with our vision that we have created under the name of <strong>Sayg\u0131nlar Makina<\/strong>, we produce and sell durable and defect-free products that meet customer expectations, using up-to-date technologies. We work in accordance with the <strong>ISO 9001:2008<\/strong> quality management system and strive to provide the best service to our customers. In this direction, our quality policy consists of these items:<\/p>\n<ul>\n<li>To comprehend and define the demands of our customers,<\/li>\n<li>To constantly monitor our performance, to ensure endless development by making use of modern techniques and technologies,<\/li>\n<li>Designing and producing the best quality, zero-defect products in their fields and presenting them to the customers at the most affordable prices,<\/li>\n<li>To encourage the participation of all employees at every level and at every quality stage and to create an environment that will provide this.<\/li>\n<li>To be a leader in the field of activity.<\/li>\n<li>To support production with valuable purchasing activities.<\/li>\n<\/ul>\n<p>It is our biggest responsibility to provide quality service to our customers.<\/p>","protected":false},"excerpt":{"rendered":"<p>&nbsp; Sayg\u0131nlar Makina markas\u0131 ad\u0131 alt\u0131nda olu\u015fturdu\u011fumuz vizyonumuz do\u011frultusunda, g\u00fcncel teknolojileri kullanarak, m\u00fc\u015fteri beklentilerini kar\u015f\u0131layan, dayan\u0131kl\u0131 ve hatas\u0131z \u00fcr\u00fcnler \u00fcretip sat\u0131\u015f\u0131n\u0131 ger\u00e7ekle\u015ftiriyoruz. ISO 9001:2008 kalite y\u00f6netim sistemine uygun \u00e7al\u0131yor, m\u00fc\u015fterilerimize en iyi hizmeti vermek i\u00e7in \u00e7abal\u0131yoruz. Bu do\u011frultuda kalite politikam\u0131z; M\u00fc\u015fterilerimizin taleplerini kavramak ve tan\u0131mlamak, Performans\u0131m\u0131z\u0131 s\u00fcrekli izlemek, modern teknik ve teknolojilerden faydalanarak sonsuz bir [&#8230;]","protected":false},"author":1,"featured_media":0,"parent":0,"menu_order":0,"comment_status":"closed","ping_status":"closed","template":"","meta":{"footnotes":""},"class_list":["post-219","page","type-page","status-publish","hentry"],"yoast_head":"<!-- This site is optimized with the Yoast SEO plugin v26.9 - https:\/\/yoast.com\/product\/yoast-seo-wordpress\/ -->\n<title>Kalite Politikam\u0131z - Sayg\u0131nlar Makina Sanayi ve Ticaret<\/title>\n<meta name=\"robots\" content=\"index, follow, max-snippet:-1, max-image-preview:large, max-video-preview:-1\" \/>\n<link rel=\"canonical\" href=\"https:\/\/www.sayginlarmakina.com.tr\/en\/kalite-politikamiz\/\" \/>\n<meta property=\"og:locale\" content=\"en_US\" \/>\n<meta property=\"og:type\" content=\"article\" \/>\n<meta property=\"og:title\" content=\"Kalite Politikam\u0131z - Sayg\u0131nlar Makina Sanayi ve Ticaret\" \/>\n<meta property=\"og:description\" content=\"&nbsp; Sayg\u0131nlar Makina markas\u0131 ad\u0131 alt\u0131nda olu\u015fturdu\u011fumuz vizyonumuz do\u011frultusunda, g\u00fcncel teknolojileri kullanarak, m\u00fc\u015fteri beklentilerini kar\u015f\u0131layan, dayan\u0131kl\u0131 ve hatas\u0131z \u00fcr\u00fcnler \u00fcretip sat\u0131\u015f\u0131n\u0131 ger\u00e7ekle\u015ftiriyoruz. ISO 9001:2008 kalite y\u00f6netim sistemine uygun \u00e7al\u0131yor, m\u00fc\u015fterilerimize en iyi hizmeti vermek i\u00e7in \u00e7abal\u0131yoruz. Bu do\u011frultuda kalite politikam\u0131z; M\u00fc\u015fterilerimizin taleplerini kavramak ve tan\u0131mlamak, Performans\u0131m\u0131z\u0131 s\u00fcrekli izlemek, modern teknik ve teknolojilerden faydalanarak sonsuz bir [...]\" \/>\n<meta property=\"og:url\" content=\"https:\/\/www.sayginlarmakina.com.tr\/en\/kalite-politikamiz\/\" \/>\n<meta property=\"og:site_name\" content=\"Sayg\u0131nlar Makina Sanayi ve Ticaret\" \/>\n<meta property=\"article:modified_time\" content=\"2021-03-07T18:13:56+00:00\" \/>\n<meta property=\"og:image\" content=\"http:\/\/www.sayginlarmakina.com.tr\/wp-content\/uploads\/2014\/11\/saymak_iso_m-212x300.jpg\" \/>\n<meta name=\"twitter:card\" content=\"summary_large_image\" \/>\n<meta name=\"twitter:label1\" content=\"Est. reading time\" \/>\n\t<meta name=\"twitter:data1\" content=\"1 minute\" \/>\n<script type=\"application\/ld+json\" class=\"yoast-schema-graph\">{\"@context\":\"https:\/\/schema.org\",\"@graph\":[{\"@type\":\"WebPage\",\"@id\":\"https:\/\/www.sayginlarmakina.com.tr\/kalite-politikamiz\/\",\"url\":\"https:\/\/www.sayginlarmakina.com.tr\/kalite-politikamiz\/\",\"name\":\"Kalite Politikam\u0131z - Sayg\u0131nlar Makina Sanayi ve Ticaret\",\"isPartOf\":{\"@id\":\"https:\/\/www.sayginlarmakina.com.tr\/#website\"},\"primaryImageOfPage\":{\"@id\":\"https:\/\/www.sayginlarmakina.com.tr\/kalite-politikamiz\/#primaryimage\"},\"image\":{\"@id\":\"https:\/\/www.sayginlarmakina.com.tr\/kalite-politikamiz\/#primaryimage\"},\"thumbnailUrl\":\"http:\/\/www.sayginlarmakina.com.tr\/wp-content\/uploads\/2014\/11\/saymak_iso_m-212x300.jpg\",\"datePublished\":\"2012-01-05T15:33:32+00:00\",\"dateModified\":\"2021-03-07T18:13:56+00:00\",\"breadcrumb\":{\"@id\":\"https:\/\/www.sayginlarmakina.com.tr\/kalite-politikamiz\/#breadcrumb\"},\"inLanguage\":\"en-US\",\"potentialAction\":[{\"@type\":\"ReadAction\",\"target\":[\"https:\/\/www.sayginlarmakina.com.tr\/kalite-politikamiz\/\"]}]},{\"@type\":\"ImageObject\",\"inLanguage\":\"en-US\",\"@id\":\"https:\/\/www.sayginlarmakina.com.tr\/kalite-politikamiz\/#primaryimage\",\"url\":\"http:\/\/www.sayginlarmakina.com.tr\/wp-content\/uploads\/2014\/11\/saymak_iso_m-212x300.jpg\",\"contentUrl\":\"http:\/\/www.sayginlarmakina.com.tr\/wp-content\/uploads\/2014\/11\/saymak_iso_m-212x300.jpg\"},{\"@type\":\"BreadcrumbList\",\"@id\":\"https:\/\/www.sayginlarmakina.com.tr\/kalite-politikamiz\/#breadcrumb\",\"itemListElement\":[{\"@type\":\"ListItem\",\"position\":1,\"name\":\"Ana sayfa\",\"item\":\"https:\/\/www.sayginlarmakina.com.tr\/\"},{\"@type\":\"ListItem\",\"position\":2,\"name\":\"Kalite Politikam\u0131z\"}]},{\"@type\":\"WebSite\",\"@id\":\"https:\/\/www.sayginlarmakina.com.tr\/#website\",\"url\":\"https:\/\/www.sayginlarmakina.com.tr\/\",\"name\":\"Sayg\u0131nlar Makina Sanayi ve Ticaret\",\"description\":\"Ama\u00e7 Kusursuz \u00dcretimse Malzeme Sab\u0131r ve Deneyimdir\",\"publisher\":{\"@id\":\"https:\/\/www.sayginlarmakina.com.tr\/#organization\"},\"potentialAction\":[{\"@type\":\"SearchAction\",\"target\":{\"@type\":\"EntryPoint\",\"urlTemplate\":\"https:\/\/www.sayginlarmakina.com.tr\/?s={search_term_string}\"},\"query-input\":{\"@type\":\"PropertyValueSpecification\",\"valueRequired\":true,\"valueName\":\"search_term_string\"}}],\"inLanguage\":\"en-US\"},{\"@type\":\"Organization\",\"@id\":\"https:\/\/www.sayginlarmakina.com.tr\/#organization\",\"name\":\"Sayg\u0131nlar Makina Sanayi ve Ticaret\",\"url\":\"https:\/\/www.sayginlarmakina.com.tr\/\",\"logo\":{\"@type\":\"ImageObject\",\"inLanguage\":\"en-US\",\"@id\":\"https:\/\/www.sayginlarmakina.com.tr\/#\/schema\/logo\/image\/\",\"url\":\"https:\/\/www.sayginlarmakina.com.tr\/wp-content\/uploads\/2014\/11\/saymaklogo1.png\",\"contentUrl\":\"https:\/\/www.sayginlarmakina.com.tr\/wp-content\/uploads\/2014\/11\/saymaklogo1.png\",\"width\":428,\"height\":75,\"caption\":\"Sayg\u0131nlar Makina Sanayi ve Ticaret\"},\"image\":{\"@id\":\"https:\/\/www.sayginlarmakina.com.tr\/#\/schema\/logo\/image\/\"}}]}<\/script>\n<!-- \/ Yoast SEO plugin. -->","yoast_head_json":{"title":"Kalite Politikam\u0131z - Sayg\u0131nlar Makina Sanayi ve Ticaret","robots":{"index":"index","follow":"follow","max-snippet":"max-snippet:-1","max-image-preview":"max-image-preview:large","max-video-preview":"max-video-preview:-1"},"canonical":"https:\/\/www.sayginlarmakina.com.tr\/en\/kalite-politikamiz\/","og_locale":"en_US","og_type":"article","og_title":"Kalite Politikam\u0131z - Sayg\u0131nlar Makina Sanayi ve Ticaret","og_description":"&nbsp; Sayg\u0131nlar Makina markas\u0131 ad\u0131 alt\u0131nda olu\u015fturdu\u011fumuz vizyonumuz do\u011frultusunda, g\u00fcncel teknolojileri kullanarak, m\u00fc\u015fteri beklentilerini kar\u015f\u0131layan, dayan\u0131kl\u0131 ve hatas\u0131z \u00fcr\u00fcnler \u00fcretip sat\u0131\u015f\u0131n\u0131 ger\u00e7ekle\u015ftiriyoruz. ISO 9001:2008 kalite y\u00f6netim sistemine uygun \u00e7al\u0131yor, m\u00fc\u015fterilerimize en iyi hizmeti vermek i\u00e7in \u00e7abal\u0131yoruz. Bu do\u011frultuda kalite politikam\u0131z; M\u00fc\u015fterilerimizin taleplerini kavramak ve tan\u0131mlamak, Performans\u0131m\u0131z\u0131 s\u00fcrekli izlemek, modern teknik ve teknolojilerden faydalanarak sonsuz bir [...]","og_url":"https:\/\/www.sayginlarmakina.com.tr\/en\/kalite-politikamiz\/","og_site_name":"Sayg\u0131nlar Makina Sanayi ve Ticaret","article_modified_time":"2021-03-07T18:13:56+00:00","og_image":[{"url":"http:\/\/www.sayginlarmakina.com.tr\/wp-content\/uploads\/2014\/11\/saymak_iso_m-212x300.jpg","type":"","width":"","height":""}],"twitter_card":"summary_large_image","twitter_misc":{"Est. reading time":"1 minute"},"schema":{"@context":"https:\/\/schema.org","@graph":[{"@type":"WebPage","@id":"https:\/\/www.sayginlarmakina.com.tr\/kalite-politikamiz\/","url":"https:\/\/www.sayginlarmakina.com.tr\/kalite-politikamiz\/","name":"Kalite Politikam\u0131z - Sayg\u0131nlar Makina Sanayi ve Ticaret","isPartOf":{"@id":"https:\/\/www.sayginlarmakina.com.tr\/#website"},"primaryImageOfPage":{"@id":"https:\/\/www.sayginlarmakina.com.tr\/kalite-politikamiz\/#primaryimage"},"image":{"@id":"https:\/\/www.sayginlarmakina.com.tr\/kalite-politikamiz\/#primaryimage"},"thumbnailUrl":"http:\/\/www.sayginlarmakina.com.tr\/wp-content\/uploads\/2014\/11\/saymak_iso_m-212x300.jpg","datePublished":"2012-01-05T15:33:32+00:00","dateModified":"2021-03-07T18:13:56+00:00","breadcrumb":{"@id":"https:\/\/www.sayginlarmakina.com.tr\/kalite-politikamiz\/#breadcrumb"},"inLanguage":"en-US","potentialAction":[{"@type":"ReadAction","target":["https:\/\/www.sayginlarmakina.com.tr\/kalite-politikamiz\/"]}]},{"@type":"ImageObject","inLanguage":"en-US","@id":"https:\/\/www.sayginlarmakina.com.tr\/kalite-politikamiz\/#primaryimage","url":"http:\/\/www.sayginlarmakina.com.tr\/wp-content\/uploads\/2014\/11\/saymak_iso_m-212x300.jpg","contentUrl":"http:\/\/www.sayginlarmakina.com.tr\/wp-content\/uploads\/2014\/11\/saymak_iso_m-212x300.jpg"},{"@type":"BreadcrumbList","@id":"https:\/\/www.sayginlarmakina.com.tr\/kalite-politikamiz\/#breadcrumb","itemListElement":[{"@type":"ListItem","position":1,"name":"Ana sayfa","item":"https:\/\/www.sayginlarmakina.com.tr\/"},{"@type":"ListItem","position":2,"name":"Kalite Politikam\u0131z"}]},{"@type":"WebSite","@id":"https:\/\/www.sayginlarmakina.com.tr\/#website","url":"https:\/\/www.sayginlarmakina.com.tr\/","name":"Sayg\u0131nlar Makina Sanayi ve Ticaret","description":"Ama\u00e7 Kusursuz \u00dcretimse Malzeme Sab\u0131r ve Deneyimdir","publisher":{"@id":"https:\/\/www.sayginlarmakina.com.tr\/#organization"},"potentialAction":[{"@type":"SearchAction","target":{"@type":"EntryPoint","urlTemplate":"https:\/\/www.sayginlarmakina.com.tr\/?s={search_term_string}"},"query-input":{"@type":"PropertyValueSpecification","valueRequired":true,"valueName":"search_term_string"}}],"inLanguage":"en-US"},{"@type":"Organization","@id":"https:\/\/www.sayginlarmakina.com.tr\/#organization","name":"Sayg\u0131nlar Makina Sanayi ve Ticaret","url":"https:\/\/www.sayginlarmakina.com.tr\/","logo":{"@type":"ImageObject","inLanguage":"en-US","@id":"https:\/\/www.sayginlarmakina.com.tr\/#\/schema\/logo\/image\/","url":"https:\/\/www.sayginlarmakina.com.tr\/wp-content\/uploads\/2014\/11\/saymaklogo1.png","contentUrl":"https:\/\/www.sayginlarmakina.com.tr\/wp-content\/uploads\/2014\/11\/saymaklogo1.png","width":428,"height":75,"caption":"Sayg\u0131nlar Makina Sanayi ve Ticaret"},"image":{"@id":"https:\/\/www.sayginlarmakina.com.tr\/#\/schema\/logo\/image\/"}}]}},"_links":{"self":[{"href":"https:\/\/www.sayginlarmakina.com.tr\/en\/wp-json\/wp\/v2\/pages\/219","targetHints":{"allow":["GET"]}}],"collection":[{"href":"https:\/\/www.sayginlarmakina.com.tr\/en\/wp-json\/wp\/v2\/pages"}],"about":[{"href":"https:\/\/www.sayginlarmakina.com.tr\/en\/wp-json\/wp\/v2\/types\/page"}],"author":[{"embeddable":true,"href":"https:\/\/www.sayginlarmakina.com.tr\/en\/wp-json\/wp\/v2\/users\/1"}],"replies":[{"embeddable":true,"href":"https:\/\/www.sayginlarmakina.com.tr\/en\/wp-json\/wp\/v2\/comments?post=219"}],"version-history":[{"count":15,"href":"https:\/\/www.sayginlarmakina.com.tr\/en\/wp-json\/wp\/v2\/pages\/219\/revisions"}],"predecessor-version":[{"id":3077,"href":"https:\/\/www.sayginlarmakina.com.tr\/en\/wp-json\/wp\/v2\/pages\/219\/revisions\/3077"}],"wp:attachment":[{"href":"https:\/\/www.sayginlarmakina.com.tr\/en\/wp-json\/wp\/v2\/media?parent=219"}],"curies":[{"name":"wp","href":"https:\/\/api.w.org\/{rel}","templated":true}]}}