{"id":2115,"date":"2012-08-02T20:01:18","date_gmt":"2012-08-02T20:01:18","guid":{"rendered":"http:\/\/themes.goodlayers.com\/copolio\/?page_id=2115"},"modified":"2016-02-26T22:54:59","modified_gmt":"2016-02-26T20:54:59","slug":"site-map","status":"publish","type":"page","link":"https:\/\/www.sayginlarmakina.com.tr\/en\/site-map\/","title":{"rendered":"Site Haritas\u0131"},"content":{"rendered":"","protected":false},"excerpt":{"rendered":"","protected":false},"author":1,"featured_media":0,"parent":0,"menu_order":0,"comment_status":"open","ping_status":"closed","template":"page-sitemap.php","meta":{"footnotes":""},"class_list":["post-2115","page","type-page","status-publish","hentry"],"yoast_head":"<!-- This site is optimized with the Yoast SEO plugin v26.9 - https:\/\/yoast.com\/product\/yoast-seo-wordpress\/ -->\n<title>Site Haritas\u0131 - Sayg\u0131nlar Makina Sanayi ve Ticaret<\/title>\n<meta name=\"robots\" content=\"index, follow, max-snippet:-1, max-image-preview:large, max-video-preview:-1\" \/>\n<link rel=\"canonical\" href=\"https:\/\/www.sayginlarmakina.com.tr\/en\/site-map\/\" \/>\n<meta property=\"og:locale\" content=\"en_US\" \/>\n<meta property=\"og:type\" content=\"article\" \/>\n<meta property=\"og:title\" content=\"Site Haritas\u0131 - Sayg\u0131nlar Makina Sanayi ve Ticaret\" \/>\n<meta property=\"og:url\" content=\"https:\/\/www.sayginlarmakina.com.tr\/en\/site-map\/\" \/>\n<meta property=\"og:site_name\" content=\"Sayg\u0131nlar Makina Sanayi ve Ticaret\" \/>\n<meta property=\"article:modified_time\" content=\"2016-02-26T20:54:59+00:00\" \/>\n<meta name=\"twitter:card\" content=\"summary_large_image\" \/>\n<script type=\"application\/ld+json\" class=\"yoast-schema-graph\">{\"@context\":\"https:\/\/schema.org\",\"@graph\":[{\"@type\":\"WebPage\",\"@id\":\"https:\/\/www.sayginlarmakina.com.tr\/site-map\/\",\"url\":\"https:\/\/www.sayginlarmakina.com.tr\/site-map\/\",\"name\":\"Site Haritas\u0131 - Sayg\u0131nlar Makina Sanayi ve Ticaret\",\"isPartOf\":{\"@id\":\"https:\/\/www.sayginlarmakina.com.tr\/#website\"},\"datePublished\":\"2012-08-02T20:01:18+00:00\",\"dateModified\":\"2016-02-26T20:54:59+00:00\",\"breadcrumb\":{\"@id\":\"https:\/\/www.sayginlarmakina.com.tr\/site-map\/#breadcrumb\"},\"inLanguage\":\"en-US\",\"potentialAction\":[{\"@type\":\"ReadAction\",\"target\":[\"https:\/\/www.sayginlarmakina.com.tr\/site-map\/\"]}]},{\"@type\":\"BreadcrumbList\",\"@id\":\"https:\/\/www.sayginlarmakina.com.tr\/site-map\/#breadcrumb\",\"itemListElement\":[{\"@type\":\"ListItem\",\"position\":1,\"name\":\"Ana sayfa\",\"item\":\"https:\/\/www.sayginlarmakina.com.tr\/\"},{\"@type\":\"ListItem\",\"position\":2,\"name\":\"Site Haritas\u0131\"}]},{\"@type\":\"WebSite\",\"@id\":\"https:\/\/www.sayginlarmakina.com.tr\/#website\",\"url\":\"https:\/\/www.sayginlarmakina.com.tr\/\",\"name\":\"Sayg\u0131nlar Makina Sanayi ve Ticaret\",\"description\":\"Ama\u00e7 Kusursuz \u00dcretimse Malzeme Sab\u0131r ve Deneyimdir\",\"publisher\":{\"@id\":\"https:\/\/www.sayginlarmakina.com.tr\/#organization\"},\"potentialAction\":[{\"@type\":\"SearchAction\",\"target\":{\"@type\":\"EntryPoint\",\"urlTemplate\":\"https:\/\/www.sayginlarmakina.com.tr\/?s={search_term_string}\"},\"query-input\":{\"@type\":\"PropertyValueSpecification\",\"valueRequired\":true,\"valueName\":\"search_term_string\"}}],\"inLanguage\":\"en-US\"},{\"@type\":\"Organization\",\"@id\":\"https:\/\/www.sayginlarmakina.com.tr\/#organization\",\"name\":\"Sayg\u0131nlar Makina Sanayi ve Ticaret\",\"url\":\"https:\/\/www.sayginlarmakina.com.tr\/\",\"logo\":{\"@type\":\"ImageObject\",\"inLanguage\":\"en-US\",\"@id\":\"https:\/\/www.sayginlarmakina.com.tr\/#\/schema\/logo\/image\/\",\"url\":\"https:\/\/www.sayginlarmakina.com.tr\/wp-content\/uploads\/2014\/11\/saymaklogo1.png\",\"contentUrl\":\"https:\/\/www.sayginlarmakina.com.tr\/wp-content\/uploads\/2014\/11\/saymaklogo1.png\",\"width\":428,\"height\":75,\"caption\":\"Sayg\u0131nlar Makina Sanayi ve Ticaret\"},\"image\":{\"@id\":\"https:\/\/www.sayginlarmakina.com.tr\/#\/schema\/logo\/image\/\"}}]}<\/script>\n<!-- \/ Yoast SEO plugin. -->","yoast_head_json":{"title":"Site Haritas\u0131 - Sayg\u0131nlar Makina Sanayi ve Ticaret","robots":{"index":"index","follow":"follow","max-snippet":"max-snippet:-1","max-image-preview":"max-image-preview:large","max-video-preview":"max-video-preview:-1"},"canonical":"https:\/\/www.sayginlarmakina.com.tr\/en\/site-map\/","og_locale":"en_US","og_type":"article","og_title":"Site Haritas\u0131 - Sayg\u0131nlar Makina Sanayi ve Ticaret","og_url":"https:\/\/www.sayginlarmakina.com.tr\/en\/site-map\/","og_site_name":"Sayg\u0131nlar Makina Sanayi ve Ticaret","article_modified_time":"2016-02-26T20:54:59+00:00","twitter_card":"summary_large_image","schema":{"@context":"https:\/\/schema.org","@graph":[{"@type":"WebPage","@id":"https:\/\/www.sayginlarmakina.com.tr\/site-map\/","url":"https:\/\/www.sayginlarmakina.com.tr\/site-map\/","name":"Site Haritas\u0131 - Sayg\u0131nlar Makina Sanayi ve Ticaret","isPartOf":{"@id":"https:\/\/www.sayginlarmakina.com.tr\/#website"},"datePublished":"2012-08-02T20:01:18+00:00","dateModified":"2016-02-26T20:54:59+00:00","breadcrumb":{"@id":"https:\/\/www.sayginlarmakina.com.tr\/site-map\/#breadcrumb"},"inLanguage":"en-US","potentialAction":[{"@type":"ReadAction","target":["https:\/\/www.sayginlarmakina.com.tr\/site-map\/"]}]},{"@type":"BreadcrumbList","@id":"https:\/\/www.sayginlarmakina.com.tr\/site-map\/#breadcrumb","itemListElement":[{"@type":"ListItem","position":1,"name":"Ana sayfa","item":"https:\/\/www.sayginlarmakina.com.tr\/"},{"@type":"ListItem","position":2,"name":"Site Haritas\u0131"}]},{"@type":"WebSite","@id":"https:\/\/www.sayginlarmakina.com.tr\/#website","url":"https:\/\/www.sayginlarmakina.com.tr\/","name":"Sayg\u0131nlar Makina Sanayi ve Ticaret","description":"Ama\u00e7 Kusursuz \u00dcretimse Malzeme Sab\u0131r ve Deneyimdir","publisher":{"@id":"https:\/\/www.sayginlarmakina.com.tr\/#organization"},"potentialAction":[{"@type":"SearchAction","target":{"@type":"EntryPoint","urlTemplate":"https:\/\/www.sayginlarmakina.com.tr\/?s={search_term_string}"},"query-input":{"@type":"PropertyValueSpecification","valueRequired":true,"valueName":"search_term_string"}}],"inLanguage":"en-US"},{"@type":"Organization","@id":"https:\/\/www.sayginlarmakina.com.tr\/#organization","name":"Sayg\u0131nlar Makina Sanayi ve Ticaret","url":"https:\/\/www.sayginlarmakina.com.tr\/","logo":{"@type":"ImageObject","inLanguage":"en-US","@id":"https:\/\/www.sayginlarmakina.com.tr\/#\/schema\/logo\/image\/","url":"https:\/\/www.sayginlarmakina.com.tr\/wp-content\/uploads\/2014\/11\/saymaklogo1.png","contentUrl":"https:\/\/www.sayginlarmakina.com.tr\/wp-content\/uploads\/2014\/11\/saymaklogo1.png","width":428,"height":75,"caption":"Sayg\u0131nlar Makina Sanayi ve Ticaret"},"image":{"@id":"https:\/\/www.sayginlarmakina.com.tr\/#\/schema\/logo\/image\/"}}]}},"_links":{"self":[{"href":"https:\/\/www.sayginlarmakina.com.tr\/en\/wp-json\/wp\/v2\/pages\/2115","targetHints":{"allow":["GET"]}}],"collection":[{"href":"https:\/\/www.sayginlarmakina.com.tr\/en\/wp-json\/wp\/v2\/pages"}],"about":[{"href":"https:\/\/www.sayginlarmakina.com.tr\/en\/wp-json\/wp\/v2\/types\/page"}],"author":[{"embeddable":true,"href":"https:\/\/www.sayginlarmakina.com.tr\/en\/wp-json\/wp\/v2\/users\/1"}],"replies":[{"embeddable":true,"href":"https:\/\/www.sayginlarmakina.com.tr\/en\/wp-json\/wp\/v2\/comments?post=2115"}],"version-history":[{"count":2,"href":"https:\/\/www.sayginlarmakina.com.tr\/en\/wp-json\/wp\/v2\/pages\/2115\/revisions"}],"predecessor-version":[{"id":3349,"href":"https:\/\/www.sayginlarmakina.com.tr\/en\/wp-json\/wp\/v2\/pages\/2115\/revisions\/3349"}],"wp:attachment":[{"href":"https:\/\/www.sayginlarmakina.com.tr\/en\/wp-json\/wp\/v2\/media?parent=2115"}],"curies":[{"name":"wp","href":"https:\/\/api.w.org\/{rel}","templated":true}]}}