{"id":122,"date":"2012-01-03T20:00:31","date_gmt":"2012-01-03T20:00:31","guid":{"rendered":"http:\/\/localhost\/modernize\/?page_id=122"},"modified":"2022-08-26T16:14:38","modified_gmt":"2022-08-26T13:14:38","slug":"hakkimizda","status":"publish","type":"page","link":"https:\/\/www.sayginlarmakina.com.tr\/en\/hakkimizda\/","title":{"rendered":"About Us"},"content":{"rendered":"<div id=\"page-header-1185477974\" class=\"page-header-wrapper\">\n  <div class=\"page-title light normal-title\">\n\n    \n    <div class=\"page-title-inner container align-center flex-row medium-flex-wrap\" >\n              <div class=\"title-wrapper flex-col text-left medium-text-center\">\n          <h1 class=\"entry-title mb-0\">\n            About Us          <\/h1>\n        <\/div>\n                    <div class=\"title-content flex-col flex-right text-right medium-text-center\">\n        <div class=\"title-breadcrumbs pb-half pt-half\"><\/div>      <\/div>\n    <\/div>\n\n     \n<style>\n#page-header-1185477974 {\n  margin-bottom: 10px;\n}\n<\/style>\n  <\/div>\n    <\/div>\n  \n\n<p style=\"text-align: justify;\" class=\" translation-block\">The founder of our company, <strong> Mustafa SAYGIN<\/strong>, started its commercial activities in 1980 under the name of \"<strong><em>Sayg\u0131nlar Makina<\/em><\/strong>\". With this ever-growing activity and production volume, since 2000, it has been serving a wide range of customers in the country and abroad with its nearly 30 machines, all of which are qualified employees, in the workplace with a 1000 m<sup>2<\/sup> closed area. We offer our clients the confidence of working with a multinational organization with a long history, as well as the flexibility and personal approach we take pride in.<\/p>\n<p style=\"text-align: justify;\" class=\" translation-block\">Thanks to the wide range of plastic injection products, we appeal to different sectors, especially <strong>photocopy<\/strong>, <strong>computer<\/strong>, <strong>informatics<\/strong>, <strong>photography<\/strong>, <strong>automotive<\/strong>, <strong>textile<\/strong> and <strong>medicine<\/strong>.<\/p>\n<p style=\"text-align: justify;\" class=\" translation-block\">The manufacturing process of the <strong>gears<\/strong> we manufacture and some special production parts requires experience and technology. Thanks to our experience and our machine park in European standards to produce the best without compromising quality at every stage of production with all its employees, it has ensured that we are privileged in product quality and part life.<\/p>\n<p style=\"text-align: justify;\">Our efforts to further develop our industry leadership, success and high quality standard and to offer our customers the highest standards in the following areas continue unabated:<\/p>\n<ul style=\"text-align: justify;\">\n<li>Customer service, quality assurance, marketing, technical support, design and sales support.<\/li>\n<\/ul>\n<p>During the 28 years since the establishment of our business, we have never deviated from these three principles;<\/p>\n<ul style=\"text-align: justify;\">\n<li>To design and manufacture the most reliable and best quality plastic components to meet your requirements,<\/li>\n<li>To offer our products at attractive prices<\/li>\n<li>To make our deliveries on time.<\/li>\n<\/ul>\n<p style=\"text-align: justify;\">Today, as a manufacturer that appeals to many sectors, we are embraced by these principles with even greater determination than we did 43 years ago. As important as speed and quality are for you, our customers, your endless satisfaction is just as important to us.<\/p>","protected":false},"excerpt":{"rendered":"","protected":false},"author":1,"featured_media":0,"parent":0,"menu_order":0,"comment_status":"closed","ping_status":"closed","template":"","meta":{"footnotes":""},"class_list":["post-122","page","type-page","status-publish","hentry"],"yoast_head":"<!-- This site is optimized with the Yoast SEO plugin v26.9 - https:\/\/yoast.com\/product\/yoast-seo-wordpress\/ -->\n<title>Hakk\u0131m\u0131zda - Sayg\u0131nlar Makina Sanayi ve Ticaret<\/title>\n<meta name=\"robots\" content=\"index, follow, max-snippet:-1, max-image-preview:large, max-video-preview:-1\" \/>\n<link rel=\"canonical\" href=\"https:\/\/www.sayginlarmakina.com.tr\/en\/hakkimizda\/\" \/>\n<meta property=\"og:locale\" content=\"en_US\" \/>\n<meta property=\"og:type\" content=\"article\" \/>\n<meta property=\"og:title\" content=\"Hakk\u0131m\u0131zda - Sayg\u0131nlar Makina Sanayi ve Ticaret\" \/>\n<meta property=\"og:url\" content=\"https:\/\/www.sayginlarmakina.com.tr\/en\/hakkimizda\/\" \/>\n<meta property=\"og:site_name\" content=\"Sayg\u0131nlar Makina Sanayi ve Ticaret\" \/>\n<meta property=\"article:modified_time\" content=\"2022-08-26T13:14:38+00:00\" \/>\n<meta name=\"twitter:card\" content=\"summary_large_image\" \/>\n<meta name=\"twitter:label1\" content=\"Est. reading time\" \/>\n\t<meta name=\"twitter:data1\" content=\"2 minutes\" \/>\n<script type=\"application\/ld+json\" class=\"yoast-schema-graph\">{\"@context\":\"https:\/\/schema.org\",\"@graph\":[{\"@type\":\"WebPage\",\"@id\":\"https:\/\/www.sayginlarmakina.com.tr\/hakkimizda\/\",\"url\":\"https:\/\/www.sayginlarmakina.com.tr\/hakkimizda\/\",\"name\":\"Hakk\u0131m\u0131zda - Sayg\u0131nlar Makina Sanayi ve Ticaret\",\"isPartOf\":{\"@id\":\"https:\/\/www.sayginlarmakina.com.tr\/#website\"},\"datePublished\":\"2012-01-03T20:00:31+00:00\",\"dateModified\":\"2022-08-26T13:14:38+00:00\",\"breadcrumb\":{\"@id\":\"https:\/\/www.sayginlarmakina.com.tr\/hakkimizda\/#breadcrumb\"},\"inLanguage\":\"en-US\",\"potentialAction\":[{\"@type\":\"ReadAction\",\"target\":[\"https:\/\/www.sayginlarmakina.com.tr\/hakkimizda\/\"]}]},{\"@type\":\"BreadcrumbList\",\"@id\":\"https:\/\/www.sayginlarmakina.com.tr\/hakkimizda\/#breadcrumb\",\"itemListElement\":[{\"@type\":\"ListItem\",\"position\":1,\"name\":\"Ana sayfa\",\"item\":\"https:\/\/www.sayginlarmakina.com.tr\/\"},{\"@type\":\"ListItem\",\"position\":2,\"name\":\"Hakk\u0131m\u0131zda\"}]},{\"@type\":\"WebSite\",\"@id\":\"https:\/\/www.sayginlarmakina.com.tr\/#website\",\"url\":\"https:\/\/www.sayginlarmakina.com.tr\/\",\"name\":\"Sayg\u0131nlar Makina Sanayi ve Ticaret\",\"description\":\"Ama\u00e7 Kusursuz \u00dcretimse Malzeme Sab\u0131r ve Deneyimdir\",\"publisher\":{\"@id\":\"https:\/\/www.sayginlarmakina.com.tr\/#organization\"},\"potentialAction\":[{\"@type\":\"SearchAction\",\"target\":{\"@type\":\"EntryPoint\",\"urlTemplate\":\"https:\/\/www.sayginlarmakina.com.tr\/?s={search_term_string}\"},\"query-input\":{\"@type\":\"PropertyValueSpecification\",\"valueRequired\":true,\"valueName\":\"search_term_string\"}}],\"inLanguage\":\"en-US\"},{\"@type\":\"Organization\",\"@id\":\"https:\/\/www.sayginlarmakina.com.tr\/#organization\",\"name\":\"Sayg\u0131nlar Makina Sanayi ve Ticaret\",\"url\":\"https:\/\/www.sayginlarmakina.com.tr\/\",\"logo\":{\"@type\":\"ImageObject\",\"inLanguage\":\"en-US\",\"@id\":\"https:\/\/www.sayginlarmakina.com.tr\/#\/schema\/logo\/image\/\",\"url\":\"https:\/\/www.sayginlarmakina.com.tr\/wp-content\/uploads\/2014\/11\/saymaklogo1.png\",\"contentUrl\":\"https:\/\/www.sayginlarmakina.com.tr\/wp-content\/uploads\/2014\/11\/saymaklogo1.png\",\"width\":428,\"height\":75,\"caption\":\"Sayg\u0131nlar Makina Sanayi ve Ticaret\"},\"image\":{\"@id\":\"https:\/\/www.sayginlarmakina.com.tr\/#\/schema\/logo\/image\/\"}}]}<\/script>\n<!-- \/ Yoast SEO plugin. -->","yoast_head_json":{"title":"Hakk\u0131m\u0131zda - Sayg\u0131nlar Makina Sanayi ve Ticaret","robots":{"index":"index","follow":"follow","max-snippet":"max-snippet:-1","max-image-preview":"max-image-preview:large","max-video-preview":"max-video-preview:-1"},"canonical":"https:\/\/www.sayginlarmakina.com.tr\/en\/hakkimizda\/","og_locale":"en_US","og_type":"article","og_title":"Hakk\u0131m\u0131zda - Sayg\u0131nlar Makina Sanayi ve Ticaret","og_url":"https:\/\/www.sayginlarmakina.com.tr\/en\/hakkimizda\/","og_site_name":"Sayg\u0131nlar Makina Sanayi ve Ticaret","article_modified_time":"2022-08-26T13:14:38+00:00","twitter_card":"summary_large_image","twitter_misc":{"Est. reading time":"2 minutes"},"schema":{"@context":"https:\/\/schema.org","@graph":[{"@type":"WebPage","@id":"https:\/\/www.sayginlarmakina.com.tr\/hakkimizda\/","url":"https:\/\/www.sayginlarmakina.com.tr\/hakkimizda\/","name":"Hakk\u0131m\u0131zda - Sayg\u0131nlar Makina Sanayi ve Ticaret","isPartOf":{"@id":"https:\/\/www.sayginlarmakina.com.tr\/#website"},"datePublished":"2012-01-03T20:00:31+00:00","dateModified":"2022-08-26T13:14:38+00:00","breadcrumb":{"@id":"https:\/\/www.sayginlarmakina.com.tr\/hakkimizda\/#breadcrumb"},"inLanguage":"en-US","potentialAction":[{"@type":"ReadAction","target":["https:\/\/www.sayginlarmakina.com.tr\/hakkimizda\/"]}]},{"@type":"BreadcrumbList","@id":"https:\/\/www.sayginlarmakina.com.tr\/hakkimizda\/#breadcrumb","itemListElement":[{"@type":"ListItem","position":1,"name":"Ana sayfa","item":"https:\/\/www.sayginlarmakina.com.tr\/"},{"@type":"ListItem","position":2,"name":"Hakk\u0131m\u0131zda"}]},{"@type":"WebSite","@id":"https:\/\/www.sayginlarmakina.com.tr\/#website","url":"https:\/\/www.sayginlarmakina.com.tr\/","name":"Sayg\u0131nlar Makina Sanayi ve Ticaret","description":"Ama\u00e7 Kusursuz \u00dcretimse Malzeme Sab\u0131r ve Deneyimdir","publisher":{"@id":"https:\/\/www.sayginlarmakina.com.tr\/#organization"},"potentialAction":[{"@type":"SearchAction","target":{"@type":"EntryPoint","urlTemplate":"https:\/\/www.sayginlarmakina.com.tr\/?s={search_term_string}"},"query-input":{"@type":"PropertyValueSpecification","valueRequired":true,"valueName":"search_term_string"}}],"inLanguage":"en-US"},{"@type":"Organization","@id":"https:\/\/www.sayginlarmakina.com.tr\/#organization","name":"Sayg\u0131nlar Makina Sanayi ve Ticaret","url":"https:\/\/www.sayginlarmakina.com.tr\/","logo":{"@type":"ImageObject","inLanguage":"en-US","@id":"https:\/\/www.sayginlarmakina.com.tr\/#\/schema\/logo\/image\/","url":"https:\/\/www.sayginlarmakina.com.tr\/wp-content\/uploads\/2014\/11\/saymaklogo1.png","contentUrl":"https:\/\/www.sayginlarmakina.com.tr\/wp-content\/uploads\/2014\/11\/saymaklogo1.png","width":428,"height":75,"caption":"Sayg\u0131nlar Makina Sanayi ve Ticaret"},"image":{"@id":"https:\/\/www.sayginlarmakina.com.tr\/#\/schema\/logo\/image\/"}}]}},"_links":{"self":[{"href":"https:\/\/www.sayginlarmakina.com.tr\/en\/wp-json\/wp\/v2\/pages\/122","targetHints":{"allow":["GET"]}}],"collection":[{"href":"https:\/\/www.sayginlarmakina.com.tr\/en\/wp-json\/wp\/v2\/pages"}],"about":[{"href":"https:\/\/www.sayginlarmakina.com.tr\/en\/wp-json\/wp\/v2\/types\/page"}],"author":[{"embeddable":true,"href":"https:\/\/www.sayginlarmakina.com.tr\/en\/wp-json\/wp\/v2\/users\/1"}],"replies":[{"embeddable":true,"href":"https:\/\/www.sayginlarmakina.com.tr\/en\/wp-json\/wp\/v2\/comments?post=122"}],"version-history":[{"count":10,"href":"https:\/\/www.sayginlarmakina.com.tr\/en\/wp-json\/wp\/v2\/pages\/122\/revisions"}],"predecessor-version":[{"id":3681,"href":"https:\/\/www.sayginlarmakina.com.tr\/en\/wp-json\/wp\/v2\/pages\/122\/revisions\/3681"}],"wp:attachment":[{"href":"https:\/\/www.sayginlarmakina.com.tr\/en\/wp-json\/wp\/v2\/media?parent=122"}],"curies":[{"name":"wp","href":"https:\/\/api.w.org\/{rel}","templated":true}]}}