{"id":100,"date":"2012-01-03T18:15:53","date_gmt":"2012-01-03T18:15:53","guid":{"rendered":"http:\/\/localhost\/modernize\/?page_id=100"},"modified":"2023-04-01T12:34:35","modified_gmt":"2023-04-01T09:34:35","slug":"iletisim","status":"publish","type":"page","link":"https:\/\/www.sayginlarmakina.com.tr\/en\/iletisim\/","title":{"rendered":"Contact Us"},"content":{"rendered":"<h3>Communication Channels<\/h3>\n<p>You can use the message form below or our direct contact informations to contact us.<\/p>\n<p>\nWith our experience and quality production concept, we always try to respond to the needs of our valued customers. In this direction, communicating with us and informing us of your needs will help us to support you in the necessary production process. You can also contact us about the issues you are wondering about our institution or to get after-sales support. We are looking forward to hear from you\u2026<\/p>\n\t<div id=\"gap-496627397\" class=\"gap-element clearfix\" style=\"display:block; height:auto;\">\n\t\t\n<style>\n#gap-496627397 {\n  padding-top: 30px;\n}\n<\/style>\n\t<\/div>\n\t\n\n<div class=\"row row-collapse\"  id=\"row-791837400\">\n\n\n\t<div id=\"col-1201105364\" class=\"col small-12 large-12\"  >\n\t\t\t\t<div class=\"col-inner\"  >\n\t\t\t\n\t\t\t\n\n<iframe loading=\"lazy\"\r\n  width=\"100%\"\r\n  height=\"450\"\r\n  frameborder=\"0\" style=\"border:0\"\r\n  src=\"https:\/\/www.google.com\/maps\/embed\/v1\/place?key=AIzaSyCY_-Hb-roqbzFZh2jqkpUz2Dri0LVpSRM&q=place_id:ChIJVbNpl_9I0xQRMddwit29GeA\" allowfullscreen>\r\n<\/iframe>\n\n\n\t\t<\/div>\n\t\t\t\t\t<\/div>\n\n\t\n\n\n<style>\n#row-791837400 > .col > .col-inner {\n  padding: 0px 30px 0px 30px;\n}\n<\/style>\n<\/div>\n<div class=\"row row-collapse\"  id=\"row-257546922\">\n\n\n\t<div id=\"col-340140849\" class=\"col small-12 large-12\"  >\n\t\t\t\t<div class=\"col-inner\" style=\"background-color:rgb(255, 255, 255);\" >\n\t\t\t\n\t\t\t\n\n<div class=\"row row-collapse row-full-width\"  id=\"row-511063718\">\n\n\n\t<div id=\"col-2074092995\" class=\"col medium-12 small-12 large-6\"  >\n\t\t\t\t<div class=\"col-inner\"  >\n\t\t\t\n\t\t\t\n\n<h2><span style=\"font-size: 120%;\">Contact Us<\/span><\/h2>\n<p>You can use the following information to contact us.<\/p>\n\t<div id=\"gap-309933561\" class=\"gap-element clearfix\" style=\"display:block; height:auto;\">\n\t\t\n<style>\n#gap-309933561 {\n  padding-top: 20px;\n}\n@media (min-width:550px) {\n  #gap-309933561 {\n    padding-top: 20px;\n  }\n}\n@media (min-width:850px) {\n  #gap-309933561 {\n    padding-top: 30px;\n  }\n}\n<\/style>\n\t<\/div>\n\t\n\n<div class=\"row\"  id=\"row-990961306\">\n\n\n\t<div id=\"col-383778653\" class=\"col medium-6 small-12 large-6\"  >\n\t\t\t\t<div class=\"col-inner\"  >\n\t\t\t\n\t\t\t\n\n\t<div class=\"img has-hover x md-x lg-x y md-y lg-y\" id=\"image_1278156042\">\n\t\t\t\t\t\t\t\t<div class=\"img-inner dark\" >\n\t\t\t<img loading=\"lazy\" decoding=\"async\" width=\"240\" height=\"240\" src=\"https:\/\/www.sayginlarmakina.com.tr\/wp-content\/uploads\/2021\/01\/map-pin-2-fill-2.png\" class=\"attachment-large size-large\" alt=\"\" srcset=\"https:\/\/www.sayginlarmakina.com.tr\/wp-content\/uploads\/2021\/01\/map-pin-2-fill-2.png 240w, https:\/\/www.sayginlarmakina.com.tr\/wp-content\/uploads\/2021\/01\/map-pin-2-fill-2-150x150.png 150w, https:\/\/www.sayginlarmakina.com.tr\/wp-content\/uploads\/2021\/01\/map-pin-2-fill-2-100x100.png 100w\" sizes=\"auto, (max-width: 240px) 100vw, 240px\" \/>\t\t\t\t\t\t\n\t\t\t\t\t<\/div>\n\t\t\t\t\t\t\t\t\n<style>\n#image_1278156042 {\n  width: 15%;\n}\n@media (min-width:550px) {\n  #image_1278156042 {\n    width: 20%;\n  }\n}\n<\/style>\n\t<\/div>\n\t\n\n\t<div id=\"text-1967847310\" class=\"text\">\n\t\t\n\n<h3 class=\"uppercase\">Address<\/h3>\n<p>Macun mah. (\u0130stanbul Yolu 8. km) Erciyes \u0130\u015f Yerleri Sit. 187. cad. No: 28 PK: 06105 Yenimahalle, Ankara<\/p>\n\t\t\n<style>\n#text-1967847310 {\n  font-size: 0.75rem;\n}\n<\/style>\n\t<\/div>\n\t\n\n\t\t<\/div>\n\t\t\t\t\t<\/div>\n\n\t\n\n\t<div id=\"col-664135119\" class=\"col medium-5 small-12 large-6\"  >\n\t\t\t\t<div class=\"col-inner\"  >\n\t\t\t\n\t\t\t\n\n\t<div class=\"img has-hover x md-x lg-x y md-y lg-y\" id=\"image_1658764524\">\n\t\t\t\t\t\t\t\t<div class=\"img-inner dark\" >\n\t\t\t<img loading=\"lazy\" decoding=\"async\" width=\"240\" height=\"240\" src=\"https:\/\/www.sayginlarmakina.com.tr\/wp-content\/uploads\/2021\/01\/time-fill.png\" class=\"attachment-large size-large\" alt=\"\" srcset=\"https:\/\/www.sayginlarmakina.com.tr\/wp-content\/uploads\/2021\/01\/time-fill.png 240w, https:\/\/www.sayginlarmakina.com.tr\/wp-content\/uploads\/2021\/01\/time-fill-150x150.png 150w, https:\/\/www.sayginlarmakina.com.tr\/wp-content\/uploads\/2021\/01\/time-fill-100x100.png 100w\" sizes=\"auto, (max-width: 240px) 100vw, 240px\" \/>\t\t\t\t\t\t\n\t\t\t\t\t<\/div>\n\t\t\t\t\t\t\t\t\n<style>\n#image_1658764524 {\n  width: 15%;\n}\n@media (min-width:550px) {\n  #image_1658764524 {\n    width: 20%;\n  }\n}\n<\/style>\n\t<\/div>\n\t\n\n\t<div id=\"text-1723224770\" class=\"text\">\n\t\t\n\n<h3 class=\"uppercase\">Working Hours<\/h3>\n<p>Mon - Fri: 08.30 \u2013 18.00<br>Saturday: 08.30 \u2013 13.00<br>We are closed on Sundays and public holidays.<\/p>\n\t\t\n<style>\n#text-1723224770 {\n  font-size: 0.75rem;\n}\n<\/style>\n\t<\/div>\n\t\n\n\t\t<\/div>\n\t\t\t\t\t<\/div>\n\n\t\n\n<\/div>\n<div class=\"row\"  id=\"row-2096522792\">\n\n\n\t<div id=\"col-1813611599\" class=\"col medium-6 small-12 large-6\"  >\n\t\t\t\t<div class=\"col-inner\"  >\n\t\t\t\n\t\t\t\n\n\t<div class=\"img has-hover x md-x lg-x y md-y lg-y\" id=\"image_1866350376\">\n\t\t\t\t\t\t\t\t<div class=\"img-inner dark\" >\n\t\t\t<img loading=\"lazy\" decoding=\"async\" width=\"240\" height=\"240\" src=\"https:\/\/www.sayginlarmakina.com.tr\/wp-content\/uploads\/2021\/01\/mail-open-fill.png\" class=\"attachment-large size-large\" alt=\"\" srcset=\"https:\/\/www.sayginlarmakina.com.tr\/wp-content\/uploads\/2021\/01\/mail-open-fill.png 240w, https:\/\/www.sayginlarmakina.com.tr\/wp-content\/uploads\/2021\/01\/mail-open-fill-150x150.png 150w, https:\/\/www.sayginlarmakina.com.tr\/wp-content\/uploads\/2021\/01\/mail-open-fill-100x100.png 100w\" sizes=\"auto, (max-width: 240px) 100vw, 240px\" \/>\t\t\t\t\t\t\n\t\t\t\t\t<\/div>\n\t\t\t\t\t\t\t\t\n<style>\n#image_1866350376 {\n  width: 15%;\n}\n@media (min-width:550px) {\n  #image_1866350376 {\n    width: 20%;\n  }\n}\n<\/style>\n\t<\/div>\n\t\n\n\t<div id=\"text-2086569932\" class=\"text\">\n\t\t\n\n<h3 class=\"uppercase\">E-Mail<\/h3>\n<p>info@sayginlarmakina.com.tr<br \/>saymaksan@gmail.com<\/p>\n\n\t\t\n<style>\n#text-2086569932 {\n  font-size: 0.75rem;\n}\n<\/style>\n\t<\/div>\n\t\n\n\t\t<\/div>\n\t\t\t\t\t<\/div>\n\n\t\n\n\t<div id=\"col-762739875\" class=\"col medium-6 small-12 large-6\"  >\n\t\t\t\t<div class=\"col-inner\"  >\n\t\t\t\n\t\t\t\n\n\t<div class=\"img has-hover x md-x lg-x y md-y lg-y\" id=\"image_544957588\">\n\t\t\t\t\t\t\t\t<div class=\"img-inner dark\" >\n\t\t\t<img loading=\"lazy\" decoding=\"async\" width=\"240\" height=\"240\" src=\"https:\/\/www.sayginlarmakina.com.tr\/wp-content\/uploads\/2021\/01\/phone-fill.png\" class=\"attachment-large size-large\" alt=\"\" srcset=\"https:\/\/www.sayginlarmakina.com.tr\/wp-content\/uploads\/2021\/01\/phone-fill.png 240w, https:\/\/www.sayginlarmakina.com.tr\/wp-content\/uploads\/2021\/01\/phone-fill-150x150.png 150w, https:\/\/www.sayginlarmakina.com.tr\/wp-content\/uploads\/2021\/01\/phone-fill-100x100.png 100w\" sizes=\"auto, (max-width: 240px) 100vw, 240px\" \/>\t\t\t\t\t\t\n\t\t\t\t\t<\/div>\n\t\t\t\t\t\t\t\t\n<style>\n#image_544957588 {\n  width: 15%;\n}\n@media (min-width:550px) {\n  #image_544957588 {\n    width: 20%;\n  }\n}\n<\/style>\n\t<\/div>\n\t\n\n\t<div id=\"text-2254756180\" class=\"text\">\n\t\t\n\n<h3 class=\"uppercase\">Phone Numbers<\/h3>\n<p class=\" translation-block\"><strong>Phone:<\/strong> +90-312-397-0308<br>\n<strong>Fax:<\/strong> +90-312-397-1164<br>\n<strong>WhatsApp:<\/strong> +90-532-292-1019<\/p>\n\t\t\n<style>\n#text-2254756180 {\n  font-size: 0.75rem;\n}\n<\/style>\n\t<\/div>\n\t\n\n\t\t<\/div>\n\t\t\t\t\t<\/div>\n\n\t\n\n<\/div>\n\n\t\t<\/div>\n\t\t\t\t\n<style>\n#col-2074092995 > .col-inner {\n  padding: 0px 0px 0px 20px;\n}\n<\/style>\n\t<\/div>\n\n\t\n\n\t<div id=\"col-1020810851\" class=\"col medium-12 small-12 large-6\"  >\n\t\t\t\t<div class=\"col-inner\"  >\n\t\t\t\n\t\t\t\n\n<h2><span style=\"font-size: 120%;\">Send Message<\/span><\/h2>\n\t<div id=\"gap-1354790378\" class=\"gap-element clearfix\" style=\"display:block; height:auto;\">\n\t\t\n<style>\n#gap-1354790378 {\n  padding-top: 20px;\n}\n@media (min-width:550px) {\n  #gap-1354790378 {\n    padding-top: 20px;\n  }\n}\n@media (min-width:850px) {\n  #gap-1354790378 {\n    padding-top: 30px;\n  }\n}\n<\/style>\n\t<\/div>\n\t\n\n\n<div class=\"wpcf7 no-js\" id=\"wpcf7-f3436-o1\" lang=\"en-US\" dir=\"ltr\" data-wpcf7-id=\"3436\">\n<div class=\"screen-reader-response\"><p role=\"status\" aria-live=\"polite\" aria-atomic=\"true\"><\/p> <ul><\/ul><\/div>\n<form action=\"\/wp-json\/wp\/v2\/pages\/100\" method=\"post\" class=\"wpcf7-form init\" aria-label=\"Contact form\" novalidate=\"novalidate\" data-status=\"init\" data-trp-original-action=\"\/en\/wp-json\/wp\/v2\/pages\/100#wpcf7-f3436-o1\">\n<fieldset class=\"hidden-fields-container\"><input type=\"hidden\" name=\"_wpcf7\" value=\"3436\" \/><input type=\"hidden\" name=\"_wpcf7_version\" value=\"6.1.4\" \/><input type=\"hidden\" name=\"_wpcf7_locale\" value=\"en_US\" \/><input type=\"hidden\" name=\"_wpcf7_unit_tag\" value=\"wpcf7-f3436-o1\" \/><input type=\"hidden\" name=\"_wpcf7_container_post\" value=\"0\" \/><input type=\"hidden\" name=\"_wpcf7_posted_data_hash\" value=\"\" \/>\n<\/fieldset>\n<p><label>Your name (required)<\/label><br \/>\n<span class=\"wpcf7-form-control-wrap\" data-name=\"ad\"><input size=\"40\" maxlength=\"400\" class=\"wpcf7-form-control wpcf7-text wpcf7-validates-as-required\" aria-required=\"true\" aria-invalid=\"false\" value=\"\" type=\"text\" name=\"ad\" \/><\/span>\n<\/p>\n<p><label>Your e-mail address<\/label><br \/>\n<span class=\"wpcf7-form-control-wrap\" data-name=\"eposta\"><input size=\"40\" maxlength=\"400\" class=\"wpcf7-form-control wpcf7-email wpcf7-text wpcf7-validates-as-email\" aria-invalid=\"false\" value=\"\" type=\"email\" name=\"eposta\" \/><\/span>\n<\/p>\n<p><label>Your phone number (required)<\/label><br \/>\n<span class=\"wpcf7-form-control-wrap\" data-name=\"telefon\"><input size=\"40\" maxlength=\"400\" class=\"wpcf7-form-control wpcf7-tel wpcf7-validates-as-required wpcf7-text wpcf7-validates-as-tel\" aria-required=\"true\" aria-invalid=\"false\" value=\"\" type=\"tel\" name=\"telefon\" \/><\/span>\n<\/p>\n<p><label>Your message (required)<\/label><br \/>\n<span class=\"wpcf7-form-control-wrap\" data-name=\"mesaj\"><textarea cols=\"40\" rows=\"10\" maxlength=\"2000\" class=\"wpcf7-form-control wpcf7-textarea\" aria-invalid=\"false\" name=\"mesaj\"><\/textarea><\/span>\n<\/p>\n<p><span class=\"wpcf7-form-control-wrap\" data-name=\"hcap-cf7\">\t\t<input\n\t\t\t\ttype=\"hidden\"\n\t\t\t\tclass=\"hcaptcha-widget-id\"\n\t\t\t\tname=\"hcaptcha-widget-id\"\n\t\t\t\tvalue=\"eyJzb3VyY2UiOlsiY29udGFjdC1mb3JtLTdcL3dwLWNvbnRhY3QtZm9ybS03LnBocCJdLCJmb3JtX2lkIjozNDM2fQ==-71cb937c51a5491aa1dc73b63c835497\">\n\t\t\t\t<span id=\"hcap_cf7-69f165ad21aeb3.63679274\" class=\"wpcf7-form-control h-captcha\"\n\t\t\tdata-sitekey=\"975e69a8-0cba-407a-8b76-6ba84b5057a2\"\n\t\t\tdata-theme=\"light\"\n\t\t\tdata-size=\"normal\"\n\t\t\tdata-auto=\"false\"\n\t\t\tdata-ajax=\"false\"\n\t\t\tdata-force=\"false\">\n\t\t<\/span>\n\t\t<input type=\"hidden\" id=\"_wpnonce\" name=\"_wpnonce\" value=\"46172c8c91\" \/><input type=\"hidden\" name=\"_wp_http_referer\" value=\"\/en\/wp-json\/wp\/v2\/pages\/100\" \/><\/span><input class=\"wpcf7-form-control wpcf7-submit has-spinner button\" type=\"submit\" value=\"Send\" \/>\n<\/p><div class=\"wpcf7-response-output\" aria-hidden=\"true\"><\/div>\n<input type=\"hidden\" name=\"trp-form-language\" value=\"en\"\/><\/form>\n<\/div>\n\n\n\n\t\t<\/div>\n\t\t\t\t\t<\/div>\n\n\t\n\n\n<style>\n#row-511063718 > .col > .col-inner {\n  padding: 0px 15px 0px 15px;\n}\n<\/style>\n<\/div>\n\n\t\t<\/div>\n\t\t\t\t\n<style>\n#col-340140849 > .col-inner {\n  padding: 50px 20px 0px 20px;\n  margin: -0 0px 0px 0px;\n}\n@media (min-width:550px) {\n  #col-340140849 > .col-inner {\n    padding: 50px 20px 30px 20px;\n    margin: 0 0px 0px 0px;\n  }\n}\n@media (min-width:850px) {\n  #col-340140849 > .col-inner {\n    padding: 66px 5% 16px 5%;\n  }\n}\n<\/style>\n\t<\/div>\n\n\t\n\n<\/div>","protected":false},"excerpt":{"rendered":"","protected":false},"author":1,"featured_media":0,"parent":0,"menu_order":0,"comment_status":"closed","ping_status":"closed","template":"","meta":{"footnotes":""},"class_list":["post-100","page","type-page","status-publish","hentry"],"yoast_head":"<!-- This site is optimized with the Yoast SEO plugin v26.9 - https:\/\/yoast.com\/product\/yoast-seo-wordpress\/ -->\n<title>\u0130leti\u015fim - Sayg\u0131nlar Makina Sanayi ve Ticaret<\/title>\n<meta name=\"robots\" content=\"index, follow, max-snippet:-1, max-image-preview:large, max-video-preview:-1\" \/>\n<link rel=\"canonical\" href=\"https:\/\/www.sayginlarmakina.com.tr\/en\/iletisim\/\" \/>\n<meta property=\"og:locale\" content=\"en_US\" \/>\n<meta property=\"og:type\" content=\"article\" \/>\n<meta property=\"og:title\" content=\"\u0130leti\u015fim - Sayg\u0131nlar Makina Sanayi ve Ticaret\" \/>\n<meta property=\"og:url\" content=\"https:\/\/www.sayginlarmakina.com.tr\/en\/iletisim\/\" \/>\n<meta property=\"og:site_name\" content=\"Sayg\u0131nlar Makina Sanayi ve Ticaret\" \/>\n<meta property=\"article:modified_time\" content=\"2023-04-01T09:34:35+00:00\" \/>\n<meta name=\"twitter:card\" content=\"summary_large_image\" \/>\n<script type=\"application\/ld+json\" class=\"yoast-schema-graph\">{\"@context\":\"https:\/\/schema.org\",\"@graph\":[{\"@type\":\"WebPage\",\"@id\":\"https:\/\/www.sayginlarmakina.com.tr\/iletisim\/\",\"url\":\"https:\/\/www.sayginlarmakina.com.tr\/iletisim\/\",\"name\":\"\u0130leti\u015fim - Sayg\u0131nlar Makina Sanayi ve Ticaret\",\"isPartOf\":{\"@id\":\"https:\/\/www.sayginlarmakina.com.tr\/#website\"},\"datePublished\":\"2012-01-03T18:15:53+00:00\",\"dateModified\":\"2023-04-01T09:34:35+00:00\",\"breadcrumb\":{\"@id\":\"https:\/\/www.sayginlarmakina.com.tr\/iletisim\/#breadcrumb\"},\"inLanguage\":\"en-US\",\"potentialAction\":[{\"@type\":\"ReadAction\",\"target\":[\"https:\/\/www.sayginlarmakina.com.tr\/iletisim\/\"]}]},{\"@type\":\"BreadcrumbList\",\"@id\":\"https:\/\/www.sayginlarmakina.com.tr\/iletisim\/#breadcrumb\",\"itemListElement\":[{\"@type\":\"ListItem\",\"position\":1,\"name\":\"Ana sayfa\",\"item\":\"https:\/\/www.sayginlarmakina.com.tr\/\"},{\"@type\":\"ListItem\",\"position\":2,\"name\":\"\u0130leti\u015fim\"}]},{\"@type\":\"WebSite\",\"@id\":\"https:\/\/www.sayginlarmakina.com.tr\/#website\",\"url\":\"https:\/\/www.sayginlarmakina.com.tr\/\",\"name\":\"Sayg\u0131nlar Makina Sanayi ve Ticaret\",\"description\":\"Ama\u00e7 Kusursuz \u00dcretimse Malzeme Sab\u0131r ve Deneyimdir\",\"publisher\":{\"@id\":\"https:\/\/www.sayginlarmakina.com.tr\/#organization\"},\"potentialAction\":[{\"@type\":\"SearchAction\",\"target\":{\"@type\":\"EntryPoint\",\"urlTemplate\":\"https:\/\/www.sayginlarmakina.com.tr\/?s={search_term_string}\"},\"query-input\":{\"@type\":\"PropertyValueSpecification\",\"valueRequired\":true,\"valueName\":\"search_term_string\"}}],\"inLanguage\":\"en-US\"},{\"@type\":\"Organization\",\"@id\":\"https:\/\/www.sayginlarmakina.com.tr\/#organization\",\"name\":\"Sayg\u0131nlar Makina Sanayi ve Ticaret\",\"url\":\"https:\/\/www.sayginlarmakina.com.tr\/\",\"logo\":{\"@type\":\"ImageObject\",\"inLanguage\":\"en-US\",\"@id\":\"https:\/\/www.sayginlarmakina.com.tr\/#\/schema\/logo\/image\/\",\"url\":\"https:\/\/www.sayginlarmakina.com.tr\/wp-content\/uploads\/2014\/11\/saymaklogo1.png\",\"contentUrl\":\"https:\/\/www.sayginlarmakina.com.tr\/wp-content\/uploads\/2014\/11\/saymaklogo1.png\",\"width\":428,\"height\":75,\"caption\":\"Sayg\u0131nlar Makina Sanayi ve Ticaret\"},\"image\":{\"@id\":\"https:\/\/www.sayginlarmakina.com.tr\/#\/schema\/logo\/image\/\"}}]}<\/script>\n<!-- \/ Yoast SEO plugin. -->","yoast_head_json":{"title":"\u0130leti\u015fim - Sayg\u0131nlar Makina Sanayi ve Ticaret","robots":{"index":"index","follow":"follow","max-snippet":"max-snippet:-1","max-image-preview":"max-image-preview:large","max-video-preview":"max-video-preview:-1"},"canonical":"https:\/\/www.sayginlarmakina.com.tr\/en\/iletisim\/","og_locale":"en_US","og_type":"article","og_title":"\u0130leti\u015fim - Sayg\u0131nlar Makina Sanayi ve Ticaret","og_url":"https:\/\/www.sayginlarmakina.com.tr\/en\/iletisim\/","og_site_name":"Sayg\u0131nlar Makina Sanayi ve Ticaret","article_modified_time":"2023-04-01T09:34:35+00:00","twitter_card":"summary_large_image","schema":{"@context":"https:\/\/schema.org","@graph":[{"@type":"WebPage","@id":"https:\/\/www.sayginlarmakina.com.tr\/iletisim\/","url":"https:\/\/www.sayginlarmakina.com.tr\/iletisim\/","name":"\u0130leti\u015fim - Sayg\u0131nlar Makina Sanayi ve Ticaret","isPartOf":{"@id":"https:\/\/www.sayginlarmakina.com.tr\/#website"},"datePublished":"2012-01-03T18:15:53+00:00","dateModified":"2023-04-01T09:34:35+00:00","breadcrumb":{"@id":"https:\/\/www.sayginlarmakina.com.tr\/iletisim\/#breadcrumb"},"inLanguage":"en-US","potentialAction":[{"@type":"ReadAction","target":["https:\/\/www.sayginlarmakina.com.tr\/iletisim\/"]}]},{"@type":"BreadcrumbList","@id":"https:\/\/www.sayginlarmakina.com.tr\/iletisim\/#breadcrumb","itemListElement":[{"@type":"ListItem","position":1,"name":"Ana sayfa","item":"https:\/\/www.sayginlarmakina.com.tr\/"},{"@type":"ListItem","position":2,"name":"\u0130leti\u015fim"}]},{"@type":"WebSite","@id":"https:\/\/www.sayginlarmakina.com.tr\/#website","url":"https:\/\/www.sayginlarmakina.com.tr\/","name":"Sayg\u0131nlar Makina Sanayi ve Ticaret","description":"Ama\u00e7 Kusursuz \u00dcretimse Malzeme Sab\u0131r ve Deneyimdir","publisher":{"@id":"https:\/\/www.sayginlarmakina.com.tr\/#organization"},"potentialAction":[{"@type":"SearchAction","target":{"@type":"EntryPoint","urlTemplate":"https:\/\/www.sayginlarmakina.com.tr\/?s={search_term_string}"},"query-input":{"@type":"PropertyValueSpecification","valueRequired":true,"valueName":"search_term_string"}}],"inLanguage":"en-US"},{"@type":"Organization","@id":"https:\/\/www.sayginlarmakina.com.tr\/#organization","name":"Sayg\u0131nlar Makina Sanayi ve Ticaret","url":"https:\/\/www.sayginlarmakina.com.tr\/","logo":{"@type":"ImageObject","inLanguage":"en-US","@id":"https:\/\/www.sayginlarmakina.com.tr\/#\/schema\/logo\/image\/","url":"https:\/\/www.sayginlarmakina.com.tr\/wp-content\/uploads\/2014\/11\/saymaklogo1.png","contentUrl":"https:\/\/www.sayginlarmakina.com.tr\/wp-content\/uploads\/2014\/11\/saymaklogo1.png","width":428,"height":75,"caption":"Sayg\u0131nlar Makina Sanayi ve Ticaret"},"image":{"@id":"https:\/\/www.sayginlarmakina.com.tr\/#\/schema\/logo\/image\/"}}]}},"_links":{"self":[{"href":"https:\/\/www.sayginlarmakina.com.tr\/en\/wp-json\/wp\/v2\/pages\/100","targetHints":{"allow":["GET"]}}],"collection":[{"href":"https:\/\/www.sayginlarmakina.com.tr\/en\/wp-json\/wp\/v2\/pages"}],"about":[{"href":"https:\/\/www.sayginlarmakina.com.tr\/en\/wp-json\/wp\/v2\/types\/page"}],"author":[{"embeddable":true,"href":"https:\/\/www.sayginlarmakina.com.tr\/en\/wp-json\/wp\/v2\/users\/1"}],"replies":[{"embeddable":true,"href":"https:\/\/www.sayginlarmakina.com.tr\/en\/wp-json\/wp\/v2\/comments?post=100"}],"version-history":[{"count":14,"href":"https:\/\/www.sayginlarmakina.com.tr\/en\/wp-json\/wp\/v2\/pages\/100\/revisions"}],"predecessor-version":[{"id":3782,"href":"https:\/\/www.sayginlarmakina.com.tr\/en\/wp-json\/wp\/v2\/pages\/100\/revisions\/3782"}],"wp:attachment":[{"href":"https:\/\/www.sayginlarmakina.com.tr\/en\/wp-json\/wp\/v2\/media?parent=100"}],"curies":[{"name":"wp","href":"https:\/\/api.w.org\/{rel}","templated":true}]}}